{"id":157,"date":"2021-09-07T12:28:09","date_gmt":"2021-09-07T12:28:09","guid":{"rendered":"https:\/\/alfreds.is\/?page_id=157"},"modified":"2026-03-21T19:53:23","modified_gmt":"2026-03-21T19:53:23","slug":"parking","status":"publish","type":"page","link":"https:\/\/alfreds.is\/is\/parking\/","title":{"rendered":"Parking"},"content":{"rendered":"<h2 class=\"wp-block-heading has-text-align-center\">Parking<\/h2>\n\n\n\n<div style=\"height:50px\" aria-hidden=\"true\" class=\"wp-block-spacer\"><\/div>\n\n\n\n<p>The most convenient way to park is on the street near the house. Parking fee applies&nbsp;only on the day time and it is free of charge after 21:00 and&nbsp;before 09:00<\/p>\n\n\n\n<p>Also you can park in the multi-storey garage &#8220;<a href=\"https:\/\/alfreds.is\/is\/parking\/#vitatorg\">Vitatorg<\/a>&#8221;&nbsp;which is just 2-3 minutes walking distance from us. The price is quite cheap and&nbsp;it is open&nbsp;every day from 07:00 to 24:00.<\/p>\n\n\n\n<p>Detailed&nbsp;information about parking options you can read below.<\/p>\n\n\n\n<h2 class=\"wp-block-heading has-text-align-left\">On street parking<\/h2>\n\n\n\n<p>In the city center there are different&nbsp;<a href=\"https:\/\/borgarvefsja.reykjavik.is\/borgarvefsja\/?x=357852.7&amp;y=407902.7&amp;z=4&amp;visiblelayers=694%2C39\" target=\"_blank\" rel=\"noreferrer noopener\">parking zones<\/a> with a different <a href=\"https:\/\/alfreds.is\/is\/parking\/#parking-rates\">rates per hour<\/a>.&nbsp;Ticket machines accept coins and&nbsp;credit cards.&nbsp;You have to enter&nbsp;the license plate number of your car and there is no need to print out the ticket.<\/p>\n\n\n\n<p>For greater convenience and flexibility, we recommend installing the mobile apps <a href=\"https:\/\/www.easypark.com\/en-is\" target=\"_blank\" rel=\"noreferrer noopener\"><\/a><a href=\"https:\/\/parka.app\/bilastaedi\" target=\"_blank\" rel=\"noreferrer noopener\">Parka<\/a> or <a href=\"https:\/\/www.easypark.com\/en-is\" target=\"_blank\" rel=\"noreferrer noopener\">EasyPark<\/a> <\/p>\n\n\n\n<p>You can also make payment for parking online through the <a href=\"https:\/\/bilastaedasjodur.reykjavik.is\/#\/pay-for-parking\" target=\"_blank\" rel=\"noreferrer noopener\">official website<\/a><\/p>\n\n\n\n<div style=\"height:20px\" aria-hidden=\"true\" class=\"wp-block-spacer\"><\/div>\n\n\n\n<p>The area just in front of&nbsp;<a href=\"https:\/\/alfreds.is\/is\/alfreds\/alfredsapartments\/\" target=\"_blank\" rel=\"noreferrer noopener\">Alfred&#8217;s Apartments<\/a>&nbsp;is<mark style=\"background-color:rgba(0, 0, 0, 0)\" class=\"has-inline-color has-black-color\">&nbsp;<\/mark><strong><mark style=\"background-color:#0693e3\" class=\"has-inline-color has-white-color\">P1<\/mark><\/strong>&nbsp;zone and in front of&nbsp;<a href=\"https:\/\/alfreds.is\/is\/alfreds\/alfredsstudios\/\">Alfred&#8217;s Studio<\/a><a href=\"https:\/\/alfreds.is\/is\/alfreds\/alfredsstudios\/\" target=\"_blank\" rel=\"noreferrer noopener\">s<\/a>&nbsp;is&nbsp;<strong><mark style=\"background-color:#0693e3\" class=\"has-inline-color has-white-color\">P2<\/mark><\/strong>&nbsp;zone.<\/p>\n\n\n\n<div class=\"wp-block-columns is-layout-flex wp-container-core-columns-is-layout-9d6595d7 wp-block-columns-is-layout-flex\">\n<div class=\"wp-block-column is-layout-flow wp-block-column-is-layout-flow\">\n<figure class=\"w-richtext-figure-type-image w-richtext-align-fullwidth wp-block-image size-full\"><img loading=\"lazy\" decoding=\"async\" width=\"900\" height=\"709\" src=\"http:\/\/alfreds.is\/wp-content\/uploads\/2021\/09\/Parking_AA.jpg\" alt=\"Parking zones Alfred's Apartments\" class=\"wp-image-159\" srcset=\"https:\/\/alfreds.is\/wp-content\/uploads\/2021\/09\/Parking_AA.jpg 900w, https:\/\/alfreds.is\/wp-content\/uploads\/2021\/09\/Parking_AA-600x473.jpg 600w, https:\/\/alfreds.is\/wp-content\/uploads\/2021\/09\/Parking_AA-300x236.jpg 300w, https:\/\/alfreds.is\/wp-content\/uploads\/2021\/09\/Parking_AA-768x605.jpg 768w\" sizes=\"auto, (max-width: 900px) 100vw, 900px\" \/><\/figure>\n<\/div>\n\n\n\n<div class=\"wp-block-column is-layout-flow wp-block-column-is-layout-flow\">\n<figure class=\"w-richtext-figure-type-image w-richtext-align-fullwidth wp-block-image size-full\"><img loading=\"lazy\" decoding=\"async\" width=\"900\" height=\"709\" src=\"http:\/\/alfreds.is\/wp-content\/uploads\/2021\/09\/Parking_AS.jpg\" alt=\"Parking zones Alfred's Studios\" class=\"wp-image-160\" srcset=\"https:\/\/alfreds.is\/wp-content\/uploads\/2021\/09\/Parking_AS.jpg 900w, https:\/\/alfreds.is\/wp-content\/uploads\/2021\/09\/Parking_AS-600x473.jpg 600w, https:\/\/alfreds.is\/wp-content\/uploads\/2021\/09\/Parking_AS-300x236.jpg 300w, https:\/\/alfreds.is\/wp-content\/uploads\/2021\/09\/Parking_AS-768x605.jpg 768w\" sizes=\"auto, (max-width: 900px) 100vw, 900px\" \/><\/figure>\n<\/div>\n<\/div>\n\n\n\n<p id=\"parking-rates\">Zone P3 (streets Sk\u00falagata and Berg\u00fe\u00f3rugata), which has the cheapest rate, is within walking distance (2\u20133 minutes from us).<\/p>\n\n\n\n<div class=\"wp-block-columns is-layout-flex wp-container-core-columns-is-layout-9d6595d7 wp-block-columns-is-layout-flex\">\n<div class=\"wp-block-column is-layout-flow wp-block-column-is-layout-flow\">\n<figure class=\"wp-block-table is-style-stripes\"><table><thead><tr><th class=\"has-text-align-center\" data-align=\"center\"> Zone <\/th><th> Price <\/th><\/tr><\/thead><tbody><tr><td class=\"has-text-align-center\" data-align=\"center\"> P1 <\/td><td>660 ISK per hour (max 3 hours)<\/td><\/tr><tr><td class=\"has-text-align-center\" data-align=\"center\"> P2 <\/td><td>240 ISK per hour<\/td><\/tr><tr><td class=\"has-text-align-center\" data-align=\"center\">P3<\/td><td>240 ISK for first 2 hours, then 70 ISK per hour<\/td><\/tr><\/tbody><\/table><\/figure>\n\n\n\n<p>Prices as for 01 February 2026<\/p>\n<\/div>\n\n\n\n<div class=\"wp-block-column is-layout-flow wp-block-column-is-layout-flow\">\n<p class=\"has-text-align-left\">Parking fees apply: <\/p>\n\n\n\n<p class=\"has-text-align-left\">P1, P2: between 09:00 &#8211; 21:00; 10:00 &#8211; 21:00 on weekends<br>P3: between 09:00 &#8211; 18:00; free of charge on weekends.<\/p>\n\n\n\n<p class=\"has-text-align-left\">Parking is free of charge on public holidays.<\/p>\n\n\n\n<p>Public holidays in Iceland in 2026 year: 1 January; 2, 3, 6, 23 April;&nbsp;1, 14, 25 May;&nbsp;17 June;&nbsp;3 August; 24, 25, 26, 31 December<\/p>\n<\/div>\n<\/div>\n\n\n\n<ul class=\"wp-block-list\">\n<li>P1 ticket is also valid in zone P2, P3<\/li>\n\n\n\n<li>P2 ticket is also valid in zone P3<\/li>\n\n\n\n<li>P3 ticket is only valid in zone P3<\/li>\n<\/ul>\n\n\n\n<div style=\"height:50px\" aria-hidden=\"true\" class=\"wp-block-spacer\"><\/div>\n\n\n\n<h2 class=\"wp-block-heading\">Free parking in Reykjavik<\/h2>\n\n\n\n<p>Keep in mind that Reykjavik\u00a0is relatively small city, so even if you park in the free parking area on the outskirts of the city center\u00a0<a href=\"https:\/\/borgarvefsja.reykjavik.is\/borgarvefsja\/?x=357852.7&amp;y=407902.7&amp;z=4&amp;visiblelayers=694%2C39\" target=\"_blank\" rel=\"noreferrer noopener\">(the non-coloured areas on this map)<\/a>\u00a0you\u2019re still only a 10\u201315 minute walk from our apartments.<br><\/p>\n\n\n\n<iframe\n  src=\"https:\/\/borgarvefsja.reykjavik.is\/borgarvefsja\/?x=357852.7&#038;y=407902.7&#038;z=4&#038;visiblelayers=694%2C39\"\n  width=\"100%\"\n  height=\"600\"\n  style=\"border:0;\"\n  loading=\"lazy\"\n  referrerpolicy=\"no-referrer-when-downgrade\">\n<\/iframe>\n\n\n\n<p>You can find more information about on-street parking in Reykjavik on the official website:&nbsp;<a href=\"https:\/\/reykjavik.is\/en\/reykjavik-parking-service\/obligation-to-pay\" target=\"_blank\" rel=\"noreferrer noopener\">on English<\/a> or <a href=\"https:\/\/reykjavik.is\/bilastaedasjodur\/gjaldskylda\" target=\"_blank\" rel=\"noreferrer noopener\">on Icelandic<\/a><\/p>\n\n\n\n<div style=\"height:50px\" aria-hidden=\"true\" class=\"wp-block-spacer\"><\/div>\n\n\n\n<h2 class=\"wp-block-heading has-text-align-left\" id=\"vitatorg\">Multi-storey car park<\/h2>\n\n\n\n<div class=\"wp-block-columns is-layout-flex wp-container-core-columns-is-layout-9d6595d7 wp-block-columns-is-layout-flex\">\n<div class=\"wp-block-column is-layout-flow wp-block-column-is-layout-flow\" style=\"flex-basis:33.33%\"><div class=\"wp-block-image is-style-default\">\n<figure class=\"w-richtext-figure-type-image w-richtext-align-fullwidth alignright size-full\"><img loading=\"lazy\" decoding=\"async\" width=\"650\" height=\"769\" src=\"https:\/\/alfreds.is\/wp-content\/uploads\/2021\/09\/Vitatorg.jpg\" alt=\"Multi-storey parking Vitatorg\" class=\"wp-image-166\" srcset=\"https:\/\/alfreds.is\/wp-content\/uploads\/2021\/09\/Vitatorg.jpg 650w, https:\/\/alfreds.is\/wp-content\/uploads\/2021\/09\/Vitatorg-600x710.jpg 600w, https:\/\/alfreds.is\/wp-content\/uploads\/2021\/09\/Vitatorg-254x300.jpg 254w\" sizes=\"auto, (max-width: 650px) 100vw, 650px\" \/><\/figure>\n<\/div><\/div>\n\n\n\n<div class=\"wp-block-column is-layout-flow wp-block-column-is-layout-flow\" style=\"flex-basis:66.66%\">\n<p>The&nbsp;nearest&nbsp;multi-storey&nbsp;car park &#8211; &#8220;<a href=\"https:\/\/reykjavik.is\/en\/vitatorg-parking-garage\" target=\"_blank\" rel=\"noreferrer noopener\">Vitatorg<\/a>&#8221; is located a 2-minute walk from Alfred&#8217;s Apartments and a 3-minute walk from Alfred&#8217;s Studios.<\/p>\n\n\n\n<p>Rates: 190 ISK for the first hour and 140 ISK each hour thereafter<\/p>\n\n\n\n<p><strong>IMPORTANT:<\/strong> this parking is open&nbsp;from 07:00 to 24:00 and you can enter and leave parking only at this time. Overnight parking is also available. <\/p>\n\n\n\n<p>For more information about multi-storey car parks in Reykjavik please visit the <a href=\"https:\/\/reykjavik.is\/vitatorg\" target=\"_blank\" rel=\"noreferrer noopener\">official website<\/a><\/p>\n\n\n\n<p><a href=\"https:\/\/www.google.com\/maps\/@64.1460342,-21.9207177,3a,75y,205.56h,84.8t\/data=!3m6!1e1!3m4!1s83a2HmQBYLYDmyOL3CrD3g!2e0!7i13312!8i6656?hl=en&amp;authuser=0\" data-type=\"URL\" data-id=\"https:\/\/www.google.com\/maps\/@64.1460342,-21.9207177,3a,75y,205.56h,84.8t\/data=!3m6!1e1!3m4!1s83a2HmQBYLYDmyOL3CrD3g!2e0!7i13312!8i6656?hl=en&amp;authuser=0\" target=\"_blank\" rel=\"noreferrer noopener\">Location on Google Maps<\/a><\/p>\n<\/div>\n<\/div>\n\n\n\n<p><\/p>","protected":false},"excerpt":{"rendered":"<p>Parking The most convenient way to park is on the street near the house. Parking fee applies&nbsp;only on the day time and it is free of charge after 21:00 and&nbsp;before 09:00 Also you can park in the multi-storey garage &#8220;Vitatorg&#8221;&nbsp;which is just 2-3 minutes walking distance from us. The price is quite cheap and&nbsp;it is [&hellip;]<\/p>\n","protected":false},"author":2,"featured_media":0,"parent":0,"menu_order":-1,"comment_status":"open","ping_status":"closed","template":"","meta":{"ngg_post_thumbnail":0,"footnotes":""},"class_list":["post-157","page","type-page","status-publish","hentry"],"yoast_head":"<!-- This site is optimized with the Yoast SEO plugin v27.2 - https:\/\/yoast.com\/product\/yoast-seo-wordpress\/ -->\n<title>Parking - Alfred&#039;s Apartments &amp; Studios - Parking in Reykjavik<\/title>\n<meta name=\"description\" content=\"Alfred&#039;s Apartments &amp; Studios - Parking Options, Reykjavik zones and tariffs, free parking options, multi storey car parks\" \/>\n<meta name=\"robots\" content=\"index, follow, max-snippet:-1, max-image-preview:large, max-video-preview:-1\" \/>\n<link rel=\"canonical\" href=\"https:\/\/alfreds.is\/is\/parking\/\" \/>\n<meta property=\"og:locale\" content=\"is_IS\" \/>\n<meta property=\"og:type\" content=\"article\" \/>\n<meta property=\"og:title\" content=\"Parking - Alfred&#039;s Apartments &amp; Studios - Parking in Reykjavik\" \/>\n<meta property=\"og:description\" content=\"Alfred&#039;s Apartments &amp; Studios - Parking Options, Reykjavik zones and tariffs, free parking options, multi storey car parks\" \/>\n<meta property=\"og:url\" content=\"https:\/\/alfreds.is\/is\/parking\/\" \/>\n<meta property=\"og:site_name\" content=\"Alfred&#039;s Apartments &amp; Studios\" \/>\n<meta property=\"article:modified_time\" content=\"2026-03-21T19:53:23+00:00\" \/>\n<meta property=\"og:image\" content=\"http:\/\/alfreds.is\/wp-content\/uploads\/2021\/09\/Parking_AA.jpg\" \/>\n<meta name=\"twitter:card\" content=\"summary_large_image\" \/>\n<meta name=\"twitter:label1\" content=\"Est. reading time\" \/>\n\t<meta name=\"twitter:data1\" content=\"3 minutes\" \/>\n<script type=\"application\/ld+json\" class=\"yoast-schema-graph\">{\"@context\":\"https:\/\/schema.org\",\"@graph\":[{\"@type\":\"WebPage\",\"@id\":\"https:\/\/alfreds.is\/parking\/\",\"url\":\"https:\/\/alfreds.is\/parking\/\",\"name\":\"Parking - Alfred&#039;s Apartments &amp; Studios - Parking in Reykjavik\",\"isPartOf\":{\"@id\":\"https:\/\/alfreds.is\/#website\"},\"primaryImageOfPage\":{\"@id\":\"https:\/\/alfreds.is\/parking\/#primaryimage\"},\"image\":{\"@id\":\"https:\/\/alfreds.is\/parking\/#primaryimage\"},\"thumbnailUrl\":\"http:\/\/alfreds.is\/wp-content\/uploads\/2021\/09\/Parking_AA.jpg\",\"datePublished\":\"2021-09-07T12:28:09+00:00\",\"dateModified\":\"2026-03-21T19:53:23+00:00\",\"description\":\"Alfred's Apartments & Studios - Parking Options, Reykjavik zones and tariffs, free parking options, multi storey car parks\",\"breadcrumb\":{\"@id\":\"https:\/\/alfreds.is\/parking\/#breadcrumb\"},\"inLanguage\":\"is\",\"potentialAction\":[{\"@type\":\"ReadAction\",\"target\":[\"https:\/\/alfreds.is\/parking\/\"]}]},{\"@type\":\"ImageObject\",\"inLanguage\":\"is\",\"@id\":\"https:\/\/alfreds.is\/parking\/#primaryimage\",\"url\":\"http:\/\/alfreds.is\/wp-content\/uploads\/2021\/09\/Parking_AA.jpg\",\"contentUrl\":\"http:\/\/alfreds.is\/wp-content\/uploads\/2021\/09\/Parking_AA.jpg\"},{\"@type\":\"BreadcrumbList\",\"@id\":\"https:\/\/alfreds.is\/parking\/#breadcrumb\",\"itemListElement\":[{\"@type\":\"ListItem\",\"position\":1,\"name\":\"Home\",\"item\":\"https:\/\/alfreds.is\/\"},{\"@type\":\"ListItem\",\"position\":2,\"name\":\"Parking\"}]},{\"@type\":\"WebSite\",\"@id\":\"https:\/\/alfreds.is\/#website\",\"url\":\"https:\/\/alfreds.is\/\",\"name\":\"Alfred&#039;s Apartments &amp; Studios\",\"description\":\"Accommodation in Reykjavik\",\"publisher\":{\"@id\":\"https:\/\/alfreds.is\/#organization\"},\"potentialAction\":[{\"@type\":\"SearchAction\",\"target\":{\"@type\":\"EntryPoint\",\"urlTemplate\":\"https:\/\/alfreds.is\/?s={search_term_string}\"},\"query-input\":{\"@type\":\"PropertyValueSpecification\",\"valueRequired\":true,\"valueName\":\"search_term_string\"}}],\"inLanguage\":\"is\"},{\"@type\":\"Organization\",\"@id\":\"https:\/\/alfreds.is\/#organization\",\"name\":\"Alfred&#039;s Apartments &amp; Studios\",\"url\":\"https:\/\/alfreds.is\/\",\"logo\":{\"@type\":\"ImageObject\",\"inLanguage\":\"is\",\"@id\":\"https:\/\/alfreds.is\/#\/schema\/logo\/image\/\",\"url\":\"https:\/\/alfreds.is\/wp-content\/uploads\/2023\/10\/cropped-android-chrome-512x512-1-1.png\",\"contentUrl\":\"https:\/\/alfreds.is\/wp-content\/uploads\/2023\/10\/cropped-android-chrome-512x512-1-1.png\",\"width\":512,\"height\":512,\"caption\":\"Alfred&#039;s Apartments &amp; Studios\"},\"image\":{\"@id\":\"https:\/\/alfreds.is\/#\/schema\/logo\/image\/\"}}]}<\/script>\n<!-- \/ Yoast SEO plugin. -->","yoast_head_json":{"title":"Parking - Alfred&#039;s Apartments &amp; Studios - Parking in Reykjavik","description":"Alfred's Apartments & Studios - Parking Options, Reykjavik zones and tariffs, free parking options, multi storey car parks","robots":{"index":"index","follow":"follow","max-snippet":"max-snippet:-1","max-image-preview":"max-image-preview:large","max-video-preview":"max-video-preview:-1"},"canonical":"https:\/\/alfreds.is\/is\/parking\/","og_locale":"is_IS","og_type":"article","og_title":"Parking - Alfred&#039;s Apartments &amp; Studios - Parking in Reykjavik","og_description":"Alfred's Apartments & Studios - Parking Options, Reykjavik zones and tariffs, free parking options, multi storey car parks","og_url":"https:\/\/alfreds.is\/is\/parking\/","og_site_name":"Alfred&#039;s Apartments &amp; Studios","article_modified_time":"2026-03-21T19:53:23+00:00","og_image":[{"url":"http:\/\/alfreds.is\/wp-content\/uploads\/2021\/09\/Parking_AA.jpg","type":"","width":"","height":""}],"twitter_card":"summary_large_image","twitter_misc":{"Est. reading time":"3 minutes"},"schema":{"@context":"https:\/\/schema.org","@graph":[{"@type":"WebPage","@id":"https:\/\/alfreds.is\/parking\/","url":"https:\/\/alfreds.is\/parking\/","name":"Parking - Alfred&#039;s Apartments &amp; Studios - Parking in Reykjavik","isPartOf":{"@id":"https:\/\/alfreds.is\/#website"},"primaryImageOfPage":{"@id":"https:\/\/alfreds.is\/parking\/#primaryimage"},"image":{"@id":"https:\/\/alfreds.is\/parking\/#primaryimage"},"thumbnailUrl":"http:\/\/alfreds.is\/wp-content\/uploads\/2021\/09\/Parking_AA.jpg","datePublished":"2021-09-07T12:28:09+00:00","dateModified":"2026-03-21T19:53:23+00:00","description":"Alfred's Apartments & Studios - Parking Options, Reykjavik zones and tariffs, free parking options, multi storey car parks","breadcrumb":{"@id":"https:\/\/alfreds.is\/parking\/#breadcrumb"},"inLanguage":"is","potentialAction":[{"@type":"ReadAction","target":["https:\/\/alfreds.is\/parking\/"]}]},{"@type":"ImageObject","inLanguage":"is","@id":"https:\/\/alfreds.is\/parking\/#primaryimage","url":"http:\/\/alfreds.is\/wp-content\/uploads\/2021\/09\/Parking_AA.jpg","contentUrl":"http:\/\/alfreds.is\/wp-content\/uploads\/2021\/09\/Parking_AA.jpg"},{"@type":"BreadcrumbList","@id":"https:\/\/alfreds.is\/parking\/#breadcrumb","itemListElement":[{"@type":"ListItem","position":1,"name":"Home","item":"https:\/\/alfreds.is\/"},{"@type":"ListItem","position":2,"name":"Parking"}]},{"@type":"WebSite","@id":"https:\/\/alfreds.is\/#website","url":"https:\/\/alfreds.is\/","name":"Alfred&#039;s Apartments &amp; Studios","description":"Accommodation in Reykjavik","publisher":{"@id":"https:\/\/alfreds.is\/#organization"},"potentialAction":[{"@type":"SearchAction","target":{"@type":"EntryPoint","urlTemplate":"https:\/\/alfreds.is\/?s={search_term_string}"},"query-input":{"@type":"PropertyValueSpecification","valueRequired":true,"valueName":"search_term_string"}}],"inLanguage":"is"},{"@type":"Organization","@id":"https:\/\/alfreds.is\/#organization","name":"Alfred&#039;s Apartments &amp; Studios","url":"https:\/\/alfreds.is\/","logo":{"@type":"ImageObject","inLanguage":"is","@id":"https:\/\/alfreds.is\/#\/schema\/logo\/image\/","url":"https:\/\/alfreds.is\/wp-content\/uploads\/2023\/10\/cropped-android-chrome-512x512-1-1.png","contentUrl":"https:\/\/alfreds.is\/wp-content\/uploads\/2023\/10\/cropped-android-chrome-512x512-1-1.png","width":512,"height":512,"caption":"Alfred&#039;s Apartments &amp; Studios"},"image":{"@id":"https:\/\/alfreds.is\/#\/schema\/logo\/image\/"}}]}},"_links":{"self":[{"href":"https:\/\/alfreds.is\/is\/wp-json\/wp\/v2\/pages\/157","targetHints":{"allow":["GET"]}}],"collection":[{"href":"https:\/\/alfreds.is\/is\/wp-json\/wp\/v2\/pages"}],"about":[{"href":"https:\/\/alfreds.is\/is\/wp-json\/wp\/v2\/types\/page"}],"author":[{"embeddable":true,"href":"https:\/\/alfreds.is\/is\/wp-json\/wp\/v2\/users\/2"}],"replies":[{"embeddable":true,"href":"https:\/\/alfreds.is\/is\/wp-json\/wp\/v2\/comments?post=157"}],"version-history":[{"count":112,"href":"https:\/\/alfreds.is\/is\/wp-json\/wp\/v2\/pages\/157\/revisions"}],"predecessor-version":[{"id":2800,"href":"https:\/\/alfreds.is\/is\/wp-json\/wp\/v2\/pages\/157\/revisions\/2800"}],"wp:attachment":[{"href":"https:\/\/alfreds.is\/is\/wp-json\/wp\/v2\/media?parent=157"}],"curies":[{"name":"wp","href":"https:\/\/api.w.org\/{rel}","templated":true}]}}